{"id":2035,"date":"2024-12-17T15:51:08","date_gmt":"2024-12-17T15:51:08","guid":{"rendered":"https:\/\/physiobiberen-rizenbach.ch\/?page_id=2035"},"modified":"2025-01-14T09:28:50","modified_gmt":"2025-01-14T09:28:50","slug":"lymphdrainage","status":"publish","type":"page","link":"https:\/\/physiobiberen-rizenbach.ch\/fr\/physiotherapie\/lymphdrainage\/","title":{"rendered":"Drainage lymphatique"},"content":{"rendered":"<div data-elementor-type=\"wp-page\" data-elementor-id=\"2035\" class=\"elementor elementor-2035\">\n\t\t\t\t\t\t<section class=\"elementor-section elementor-top-section elementor-element elementor-element-b711e1c elementor-section-boxed elementor-section-height-default elementor-section-height-default\" data-id=\"b711e1c\" data-element_type=\"section\" data-settings=\"{&quot;background_background&quot;:&quot;classic&quot;}\">\n\t\t\t\t\t\t\t<div class=\"elementor-background-overlay\"><\/div>\n\t\t\t\t\t\t\t<div class=\"elementor-container elementor-column-gap-default\">\n\t\t\t\t\t<div class=\"elementor-column elementor-col-100 elementor-top-column elementor-element elementor-element-9fcf146\" data-id=\"9fcf146\" data-element_type=\"column\">\n\t\t\t<div class=\"elementor-widget-wrap elementor-element-populated\">\n\t\t\t\t\t\t<div class=\"elementor-element elementor-element-647133f1 elementor-widget elementor-widget-heading\" data-id=\"647133f1\" data-element_type=\"widget\" data-widget_type=\"heading.default\">\n\t\t\t\t<div class=\"elementor-widget-container\">\n\t\t\t\t\t<h1 class=\"elementor-heading-title elementor-size-default\">Drainage lymphatique<\/h1>\t\t\t\t<\/div>\n\t\t\t\t<\/div>\n\t\t\t\t\t<\/div>\n\t\t<\/div>\n\t\t\t\t\t<\/div>\n\t\t<\/section>\n\t\t\t\t<section class=\"elementor-section elementor-top-section elementor-element elementor-element-77f05cd elementor-section-boxed elementor-section-height-default elementor-section-height-default\" data-id=\"77f05cd\" data-element_type=\"section\">\n\t\t\t\t\t\t<div class=\"elementor-container elementor-column-gap-default\">\n\t\t\t\t\t<div class=\"elementor-column elementor-col-100 elementor-top-column elementor-element elementor-element-505801a\" data-id=\"505801a\" data-element_type=\"column\">\n\t\t\t<div class=\"elementor-widget-wrap elementor-element-populated\">\n\t\t\t\t\t\t<div class=\"elementor-element elementor-element-8b8f5d9 elementor-widget elementor-widget-heading\" data-id=\"8b8f5d9\" data-element_type=\"widget\" data-widget_type=\"heading.default\">\n\t\t\t\t<div class=\"elementor-widget-container\">\n\t\t\t\t\t<h2 class=\"elementor-heading-title elementor-size-default\">Drainage lymphatique<\/h2>\t\t\t\t<\/div>\n\t\t\t\t<\/div>\n\t\t\t\t<div class=\"elementor-element elementor-element-958ae42 elementor-widget-divider--view-line elementor-widget elementor-widget-divider\" data-id=\"958ae42\" data-element_type=\"widget\" data-widget_type=\"divider.default\">\n\t\t\t\t<div class=\"elementor-widget-container\">\n\t\t\t\t\t\t\t<div class=\"elementor-divider\">\n\t\t\t<span class=\"elementor-divider-separator\">\n\t\t\t\t\t\t<\/span>\n\t\t<\/div>\n\t\t\t\t\t\t<\/div>\n\t\t\t\t<\/div>\n\t\t\t\t<div class=\"elementor-element elementor-element-8ff0135 elementor-widget elementor-widget-heading\" data-id=\"8ff0135\" data-element_type=\"widget\" data-widget_type=\"heading.default\">\n\t\t\t\t<div class=\"elementor-widget-container\">\n\t\t\t\t\t<h4 class=\"elementor-heading-title elementor-size-default\">Was ist das Lymphsystem?<\/h4>\t\t\t\t<\/div>\n\t\t\t\t<\/div>\n\t\t\t\t<div class=\"elementor-element elementor-element-50ecf31 elementor-widget elementor-widget-text-editor\" data-id=\"50ecf31\" data-element_type=\"widget\" data-widget_type=\"text-editor.default\">\n\t\t\t\t<div class=\"elementor-widget-container\">\n\t\t\t\t\t\t\t\t\t<p>Das Lymphsystem ist ein wichtiger Bestandteil des Immunsystems und spielt eine zentrale Rolle bei der Entgiftung des K\u00f6rpers. Es besteht aus einem Netzwerk von Lymphgef\u00e4\u00dfen, Lymphknoten und anderen lymphatischen Organen wie der Milz und den Mandeln. Die Lymphe, eine Fl\u00fcssigkeit, die Abfallstoffe, \u00fcbersch\u00fcssige Fl\u00fcssigkeit und Krankheitserreger enth\u00e4lt, wird durch das Lymphsystem transportiert. In den Lymphknoten wird die Lymphe gefiltert, und sch\u00e4dliche Mikroorganismen werden durch Immunzellen bek\u00e4mpft. Das Lymphsystem tr\u00e4gt so zur Abwehr von Infektionen bei und unterst\u00fctzt den Fl\u00fcssigkeitshaushalt im K\u00f6rper.<\/p>\t\t\t\t\t\t\t\t<\/div>\n\t\t\t\t<\/div>\n\t\t\t\t<div class=\"elementor-element elementor-element-46e5264 elementor-widget elementor-widget-heading\" data-id=\"46e5264\" data-element_type=\"widget\" data-widget_type=\"heading.default\">\n\t\t\t\t<div class=\"elementor-widget-container\">\n\t\t\t\t\t<h4 class=\"elementor-heading-title elementor-size-default\">Was ist Lymphdrainage?<\/h4>\t\t\t\t<\/div>\n\t\t\t\t<\/div>\n\t\t\t\t<div class=\"elementor-element elementor-element-b3fb609 elementor-widget elementor-widget-text-editor\" data-id=\"b3fb609\" data-element_type=\"widget\" data-widget_type=\"text-editor.default\">\n\t\t\t\t<div class=\"elementor-widget-container\">\n\t\t\t\t\t\t\t\t\t<p>Lymphdrainage ist eine sanfte Massagetechnik, die darauf abzielt, Lymphstauungen zu beseitigen und den Lymphfluss zu f\u00f6rdern. Das Lymphsystem ist ein wichtiger Teil des Immunsystems und hilft dabei, Abfallstoffe und \u00fcbersch\u00fcssige Fl\u00fcssigkeit aus dem K\u00f6rper zu transportieren. Durch gezielte, rhythmische Streichbewegungen und Druckanwendungen werden die Lymphzirkulation angeregt, Schwellungen im K\u00f6rper reduziert und Entz\u00fcndungen reduziert. Lymphdrainage wird h\u00e4ufig bei Erkrankungen wie Lymph\u00f6demen, nach Operationen oder bei Verspannungen angewendet.<\/p>\t\t\t\t\t\t\t\t<\/div>\n\t\t\t\t<\/div>\n\t\t\t\t<div class=\"elementor-element elementor-element-9efd7dc elementor-widget elementor-widget-heading\" data-id=\"9efd7dc\" data-element_type=\"widget\" data-widget_type=\"heading.default\">\n\t\t\t\t<div class=\"elementor-widget-container\">\n\t\t\t\t\t<h4 class=\"elementor-heading-title elementor-size-default\">Wann hilft Lymphdrainage?<\/h4>\t\t\t\t<\/div>\n\t\t\t\t<\/div>\n\t\t\t\t<div class=\"elementor-element elementor-element-14530de elementor-icon-list--layout-traditional elementor-list-item-link-full_width elementor-widget elementor-widget-icon-list\" data-id=\"14530de\" data-element_type=\"widget\" data-widget_type=\"icon-list.default\">\n\t\t\t\t<div class=\"elementor-widget-container\">\n\t\t\t\t\t\t\t<ul class=\"elementor-icon-list-items\">\n\t\t\t\t\t\t\t<li class=\"elementor-icon-list-item\">\n\t\t\t\t\t\t\t\t\t\t\t<span class=\"elementor-icon-list-icon\">\n\t\t\t\t\t\t\t<i aria-hidden=\"true\" class=\"fas fa-chevron-right\"><\/i>\t\t\t\t\t\t<\/span>\n\t\t\t\t\t\t\t\t\t\t<span class=\"elementor-icon-list-text\">Operationen<\/span>\n\t\t\t\t\t\t\t\t\t<\/li>\n\t\t\t\t\t\t\t\t<li class=\"elementor-icon-list-item\">\n\t\t\t\t\t\t\t\t\t\t\t<span class=\"elementor-icon-list-icon\">\n\t\t\t\t\t\t\t<i aria-hidden=\"true\" class=\"fas fa-chevron-right\"><\/i>\t\t\t\t\t\t<\/span>\n\t\t\t\t\t\t\t\t\t\t<span class=\"elementor-icon-list-text\">Lymph\u00f6deme<\/span>\n\t\t\t\t\t\t\t\t\t<\/li>\n\t\t\t\t\t\t\t\t<li class=\"elementor-icon-list-item\">\n\t\t\t\t\t\t\t\t\t\t\t<span class=\"elementor-icon-list-icon\">\n\t\t\t\t\t\t\t<i aria-hidden=\"true\" class=\"fas fa-chevron-right\"><\/i>\t\t\t\t\t\t<\/span>\n\t\t\t\t\t\t\t\t\t\t<span class=\"elementor-icon-list-text\">Orthop\u00e4dische und traumatische Erkrankungen (Verstauchung, Zerrung, Prellung)<\/span>\n\t\t\t\t\t\t\t\t\t<\/li>\n\t\t\t\t\t\t\t\t<li class=\"elementor-icon-list-item\">\n\t\t\t\t\t\t\t\t\t\t\t<span class=\"elementor-icon-list-icon\">\n\t\t\t\t\t\t\t<i aria-hidden=\"true\" class=\"fas fa-chevron-right\"><\/i>\t\t\t\t\t\t<\/span>\n\t\t\t\t\t\t\t\t\t\t<span class=\"elementor-icon-list-text\">Spezifische Erkrankungen (Morbus Sudeck, rheumatische Erkrankungen)<\/span>\n\t\t\t\t\t\t\t\t\t<\/li>\n\t\t\t\t\t\t<\/ul>\n\t\t\t\t\t\t<\/div>\n\t\t\t\t<\/div>\n\t\t\t\t<div class=\"elementor-element elementor-element-a630ea5 elementor-widget elementor-widget-heading\" data-id=\"a630ea5\" data-element_type=\"widget\" data-widget_type=\"heading.default\">\n\t\t\t\t<div class=\"elementor-widget-container\">\n\t\t\t\t\t<h4 class=\"elementor-heading-title elementor-size-default\">Welche Kontraindikationen gibt es?<\/h4>\t\t\t\t<\/div>\n\t\t\t\t<\/div>\n\t\t\t\t<div class=\"elementor-element elementor-element-8e85603 elementor-icon-list--layout-traditional elementor-list-item-link-full_width elementor-widget elementor-widget-icon-list\" data-id=\"8e85603\" data-element_type=\"widget\" data-widget_type=\"icon-list.default\">\n\t\t\t\t<div class=\"elementor-widget-container\">\n\t\t\t\t\t\t\t<ul class=\"elementor-icon-list-items\">\n\t\t\t\t\t\t\t<li class=\"elementor-icon-list-item\">\n\t\t\t\t\t\t\t\t\t\t\t<span class=\"elementor-icon-list-icon\">\n\t\t\t\t\t\t\t<i aria-hidden=\"true\" class=\"fas fa-chevron-right\"><\/i>\t\t\t\t\t\t<\/span>\n\t\t\t\t\t\t\t\t\t\t<span class=\"elementor-icon-list-text\">Herzinsuffizienz<\/span>\n\t\t\t\t\t\t\t\t\t<\/li>\n\t\t\t\t\t\t\t\t<li class=\"elementor-icon-list-item\">\n\t\t\t\t\t\t\t\t\t\t\t<span class=\"elementor-icon-list-icon\">\n\t\t\t\t\t\t\t<i aria-hidden=\"true\" class=\"fas fa-chevron-right\"><\/i>\t\t\t\t\t\t<\/span>\n\t\t\t\t\t\t\t\t\t\t<span class=\"elementor-icon-list-text\">Thrombosen<\/span>\n\t\t\t\t\t\t\t\t\t<\/li>\n\t\t\t\t\t\t\t\t<li class=\"elementor-icon-list-item\">\n\t\t\t\t\t\t\t\t\t\t\t<span class=\"elementor-icon-list-icon\">\n\t\t\t\t\t\t\t<i aria-hidden=\"true\" class=\"fas fa-chevron-right\"><\/i>\t\t\t\t\t\t<\/span>\n\t\t\t\t\t\t\t\t\t\t<span class=\"elementor-icon-list-text\">Akute Enz\u00fcndungen mit Fieber<\/span>\n\t\t\t\t\t\t\t\t\t<\/li>\n\t\t\t\t\t\t<\/ul>\n\t\t\t\t\t\t<\/div>\n\t\t\t\t<\/div>\n\t\t\t\t<div class=\"elementor-element elementor-element-6599d4d elementor-widget elementor-widget-heading\" data-id=\"6599d4d\" data-element_type=\"widget\" data-widget_type=\"heading.default\">\n\t\t\t\t<div class=\"elementor-widget-container\">\n\t\t\t\t\t<h4 class=\"elementor-heading-title elementor-size-default\">Plus d'informations :<\/h4>\t\t\t\t<\/div>\n\t\t\t\t<\/div>\n\t\t\t\t<section class=\"elementor-section elementor-inner-section elementor-element elementor-element-c218c1e elementor-section-boxed elementor-section-height-default elementor-section-height-default\" data-id=\"c218c1e\" data-element_type=\"section\">\n\t\t\t\t\t\t<div class=\"elementor-container elementor-column-gap-default\">\n\t\t\t\t\t<div class=\"elementor-column elementor-col-100 elementor-inner-column elementor-element elementor-element-f1b7e7d\" data-id=\"f1b7e7d\" data-element_type=\"column\">\n\t\t\t<div class=\"elementor-widget-wrap elementor-element-populated\">\n\t\t\t\t\t\t<div class=\"elementor-element elementor-element-dbbc53a elementor-widget elementor-widget-button\" data-id=\"dbbc53a\" data-element_type=\"widget\" data-widget_type=\"button.default\">\n\t\t\t\t<div class=\"elementor-widget-container\">\n\t\t\t\t\t\t\t\t\t<div class=\"elementor-button-wrapper\">\n\t\t\t\t\t<a class=\"elementor-button elementor-button-link elementor-size-sm\" href=\"https:\/\/www.lv-schweiz.ch\/?das-lymphsystem\">\n\t\t\t\t\t\t<span class=\"elementor-button-content-wrapper\">\n\t\t\t\t\t\t\t\t\t<span class=\"elementor-button-text\">-&gt; mehr Infos zum Lymphsystem: Lymph\u00f6dem Vereinigung Schweiz<\/span>\n\t\t\t\t\t<\/span>\n\t\t\t\t\t<\/a>\n\t\t\t\t<\/div>\n\t\t\t\t\t\t\t\t<\/div>\n\t\t\t\t<\/div>\n\t\t\t\t\t<\/div>\n\t\t<\/div>\n\t\t\t\t\t<\/div>\n\t\t<\/section>\n\t\t\t\t\t<\/div>\n\t\t<\/div>\n\t\t\t\t\t<\/div>\n\t\t<\/section>\n\t\t\t\t<section class=\"elementor-section elementor-top-section elementor-element elementor-element-c4e2f87 elementor-section-boxed elementor-section-height-default elementor-section-height-default\" data-id=\"c4e2f87\" data-element_type=\"section\" data-settings=\"{&quot;background_background&quot;:&quot;classic&quot;}\">\n\t\t\t\t\t\t<div class=\"elementor-container elementor-column-gap-default\">\n\t\t\t\t\t<div class=\"elementor-column elementor-col-100 elementor-top-column elementor-element elementor-element-406b851\" data-id=\"406b851\" data-element_type=\"column\">\n\t\t\t<div class=\"elementor-widget-wrap elementor-element-populated\">\n\t\t\t\t\t\t<div class=\"elementor-element elementor-element-c9c4989 elementor-widget elementor-widget-spacer\" data-id=\"c9c4989\" data-element_type=\"widget\" data-widget_type=\"spacer.default\">\n\t\t\t\t<div class=\"elementor-widget-container\">\n\t\t\t\t\t\t\t<div class=\"elementor-spacer\">\n\t\t\t<div class=\"elementor-spacer-inner\"><\/div>\n\t\t<\/div>\n\t\t\t\t\t\t<\/div>\n\t\t\t\t<\/div>\n\t\t\t\t<div class=\"elementor-element elementor-element-2f7f074 animated-fast elementor-invisible elementor-widget elementor-widget-text-editor\" data-id=\"2f7f074\" data-element_type=\"widget\" data-settings=\"{&quot;_animation&quot;:&quot;fadeInUp&quot;}\" data-widget_type=\"text-editor.default\">\n\t\t\t\t<div class=\"elementor-widget-container\">\n\t\t\t\t\t\t\t\t\t<p><span style=\"font-size: 2rem; font-weight: bold;\">Votre sant\u00e9 nous tient \u00e0 c\u0153ur !<\/span><\/p>\t\t\t\t\t\t\t\t<\/div>\n\t\t\t\t<\/div>\n\t\t\t\t<div class=\"elementor-element elementor-element-342f55a elementor-widget elementor-widget-spacer\" data-id=\"342f55a\" data-element_type=\"widget\" data-widget_type=\"spacer.default\">\n\t\t\t\t<div class=\"elementor-widget-container\">\n\t\t\t\t\t\t\t<div class=\"elementor-spacer\">\n\t\t\t<div class=\"elementor-spacer-inner\"><\/div>\n\t\t<\/div>\n\t\t\t\t\t\t<\/div>\n\t\t\t\t<\/div>\n\t\t\t\t\t<\/div>\n\t\t<\/div>\n\t\t\t\t\t<\/div>\n\t\t<\/section>\n\t\t\t\t<\/div>","protected":false},"excerpt":{"rendered":"<p>Lymphdrainage Lymphdrainage Was ist das Lymphsystem? Das Lymphsystem ist ein wichtiger Bestandteil des Immunsystems und spielt eine zentrale Rolle bei der Entgiftung des K\u00f6rpers. Es besteht aus einem Netzwerk von Lymphgef\u00e4\u00dfen, Lymphknoten und anderen lymphatischen Organen wie der Milz und den Mandeln. Die Lymphe, eine Fl\u00fcssigkeit, die Abfallstoffe, \u00fcbersch\u00fcssige Fl\u00fcssigkeit und Krankheitserreger enth\u00e4lt, wird durch [&hellip;]<\/p>","protected":false},"author":4,"featured_media":0,"parent":474,"menu_order":0,"comment_status":"closed","ping_status":"closed","template":"","meta":{"site-sidebar-layout":"no-sidebar","site-content-layout":"page-builder","ast-site-content-layout":"full-width-container","site-content-style":"unboxed","site-sidebar-style":"unboxed","ast-global-header-display":"","ast-banner-title-visibility":"","ast-main-header-display":"","ast-hfb-above-header-display":"","ast-hfb-below-header-display":"","ast-hfb-mobile-header-display":"","site-post-title":"disabled","ast-breadcrumbs-content":"","ast-featured-img":"disabled","footer-sml-layout":"","theme-transparent-header-meta":"default","adv-header-id-meta":"","stick-header-meta":"","header-above-stick-meta":"","header-main-stick-meta":"","header-below-stick-meta":"","astra-migrate-meta-layouts":"set","ast-page-background-enabled":"default","ast-page-background-meta":{"desktop":{"background-color":"","background-image":"","background-repeat":"repeat","background-position":"center center","background-size":"auto","background-attachment":"scroll","background-type":"","background-media":"","overlay-type":"","overlay-color":"","overlay-opacity":"","overlay-gradient":""},"tablet":{"background-color":"","background-image":"","background-repeat":"repeat","background-position":"center center","background-size":"auto","background-attachment":"scroll","background-type":"","background-media":"","overlay-type":"","overlay-color":"","overlay-opacity":"","overlay-gradient":""},"mobile":{"background-color":"","background-image":"","background-repeat":"repeat","background-position":"center center","background-size":"auto","background-attachment":"scroll","background-type":"","background-media":"","overlay-type":"","overlay-color":"","overlay-opacity":"","overlay-gradient":""}},"ast-content-background-meta":{"desktop":{"background-color":"var(--ast-global-color-5)","background-image":"","background-repeat":"repeat","background-position":"center center","background-size":"auto","background-attachment":"scroll","background-type":"","background-media":"","overlay-type":"","overlay-color":"","overlay-opacity":"","overlay-gradient":""},"tablet":{"background-color":"var(--ast-global-color-5)","background-image":"","background-repeat":"repeat","background-position":"center center","background-size":"auto","background-attachment":"scroll","background-type":"","background-media":"","overlay-type":"","overlay-color":"","overlay-opacity":"","overlay-gradient":""},"mobile":{"background-color":"var(--ast-global-color-5)","background-image":"","background-repeat":"repeat","background-position":"center center","background-size":"auto","background-attachment":"scroll","background-type":"","background-media":"","overlay-type":"","overlay-color":"","overlay-opacity":"","overlay-gradient":""}},"_glsr_average":0,"_glsr_ranking":0,"_glsr_reviews":0,"footnotes":""},"class_list":["post-2035","page","type-page","status-publish","hentry"],"yoast_head":"<!-- This site is optimized with the Yoast SEO plugin v26.8 - https:\/\/yoast.com\/product\/yoast-seo-wordpress\/ -->\n<title>Physiotherapie | Lymphdrainage<\/title>\n<meta name=\"description\" content=\"Lymphdrainage beseitigt Lymphstauungen und f\u00f6rdert den Lymphfluss. Wir wenden Lymphdrainage an zur Entschauung, Abschwellung und Anderem.\" \/>\n<meta name=\"robots\" content=\"index, follow, max-snippet:-1, max-image-preview:large, max-video-preview:-1\" \/>\n<link rel=\"canonical\" href=\"https:\/\/physiobiberen-rizenbach.ch\/fr\/physiotherapie\/lymphdrainage\/\" \/>\n<meta property=\"og:locale\" content=\"fr_FR\" \/>\n<meta property=\"og:type\" content=\"article\" \/>\n<meta property=\"og:title\" content=\"Physiotherapie | Lymphdrainage\" \/>\n<meta property=\"og:description\" content=\"Lymphdrainage beseitigt Lymphstauungen und f\u00f6rdert den Lymphfluss. Wir wenden Lymphdrainage an zur Entschauung, Abschwellung und Anderem.\" \/>\n<meta property=\"og:url\" content=\"https:\/\/physiobiberen-rizenbach.ch\/fr\/physiotherapie\/lymphdrainage\/\" \/>\n<meta property=\"og:site_name\" content=\"Physio Biberen - Rizenbach\" \/>\n<meta property=\"article:modified_time\" content=\"2025-01-14T09:28:50+00:00\" \/>\n<meta name=\"twitter:card\" content=\"summary_large_image\" \/>\n<meta name=\"twitter:label1\" content=\"Dur\u00e9e de lecture estim\u00e9e\" \/>\n\t<meta name=\"twitter:data1\" content=\"1 minute\" \/>\n<script type=\"application\/ld+json\" class=\"yoast-schema-graph\">{\"@context\":\"https:\/\/schema.org\",\"@graph\":[{\"@type\":\"WebPage\",\"@id\":\"https:\/\/physiobiberen-rizenbach.ch\/physiotherapie\/lymphdrainage\/\",\"url\":\"https:\/\/physiobiberen-rizenbach.ch\/physiotherapie\/lymphdrainage\/\",\"name\":\"Physiotherapie | Lymphdrainage\",\"isPartOf\":{\"@id\":\"https:\/\/physiobiberen-rizenbach.ch\/#website\"},\"datePublished\":\"2024-12-17T15:51:08+00:00\",\"dateModified\":\"2025-01-14T09:28:50+00:00\",\"description\":\"Lymphdrainage beseitigt Lymphstauungen und f\u00f6rdert den Lymphfluss. Wir wenden Lymphdrainage an zur Entschauung, Abschwellung und Anderem.\",\"breadcrumb\":{\"@id\":\"https:\/\/physiobiberen-rizenbach.ch\/physiotherapie\/lymphdrainage\/#breadcrumb\"},\"inLanguage\":\"fr-FR\",\"potentialAction\":[{\"@type\":\"ReadAction\",\"target\":[\"https:\/\/physiobiberen-rizenbach.ch\/physiotherapie\/lymphdrainage\/\"]}]},{\"@type\":\"BreadcrumbList\",\"@id\":\"https:\/\/physiobiberen-rizenbach.ch\/physiotherapie\/lymphdrainage\/#breadcrumb\",\"itemListElement\":[{\"@type\":\"ListItem\",\"position\":1,\"name\":\"Home\",\"item\":\"https:\/\/physiobiberen-rizenbach.ch\/\"},{\"@type\":\"ListItem\",\"position\":2,\"name\":\"Physiotherapie\",\"item\":\"https:\/\/physiobiberen-rizenbach.ch\/physiotherapie\/\"},{\"@type\":\"ListItem\",\"position\":3,\"name\":\"Lymphdrainage\"}]},{\"@type\":\"WebSite\",\"@id\":\"https:\/\/physiobiberen-rizenbach.ch\/#website\",\"url\":\"https:\/\/physiobiberen-rizenbach.ch\/\",\"name\":\"Physio Biberen Rizenbach\",\"description\":\"Physio Biberen - Rizenbach\",\"publisher\":{\"@id\":\"https:\/\/physiobiberen-rizenbach.ch\/#organization\"},\"potentialAction\":[{\"@type\":\"SearchAction\",\"target\":{\"@type\":\"EntryPoint\",\"urlTemplate\":\"https:\/\/physiobiberen-rizenbach.ch\/?s={search_term_string}\"},\"query-input\":{\"@type\":\"PropertyValueSpecification\",\"valueRequired\":true,\"valueName\":\"search_term_string\"}}],\"inLanguage\":\"fr-FR\"},{\"@type\":\"Organization\",\"@id\":\"https:\/\/physiobiberen-rizenbach.ch\/#organization\",\"name\":\"Physio Biberen - Rizenbach\",\"url\":\"https:\/\/physiobiberen-rizenbach.ch\/\",\"logo\":{\"@type\":\"ImageObject\",\"inLanguage\":\"fr-FR\",\"@id\":\"https:\/\/physiobiberen-rizenbach.ch\/#\/schema\/logo\/image\/\",\"url\":\"https:\/\/i2.wp.com\/physiobiberen-rizenbach.ch\/wp-content\/uploads\/2019\/10\/logo_transparent.png?fit=2127%2C558&ssl=1\",\"contentUrl\":\"https:\/\/i2.wp.com\/physiobiberen-rizenbach.ch\/wp-content\/uploads\/2019\/10\/logo_transparent.png?fit=2127%2C558&ssl=1\",\"width\":2127,\"height\":558,\"caption\":\"Physio Biberen - Rizenbach\"},\"image\":{\"@id\":\"https:\/\/physiobiberen-rizenbach.ch\/#\/schema\/logo\/image\/\"}}]}<\/script>\n<!-- \/ Yoast SEO plugin. -->","yoast_head_json":{"title":"Physiotherapie | Lymphdrainage","description":"Lymphdrainage beseitigt Lymphstauungen und f\u00f6rdert den Lymphfluss. Wir wenden Lymphdrainage an zur Entschauung, Abschwellung und Anderem.","robots":{"index":"index","follow":"follow","max-snippet":"max-snippet:-1","max-image-preview":"max-image-preview:large","max-video-preview":"max-video-preview:-1"},"canonical":"https:\/\/physiobiberen-rizenbach.ch\/fr\/physiotherapie\/lymphdrainage\/","og_locale":"fr_FR","og_type":"article","og_title":"Physiotherapie | Lymphdrainage","og_description":"Lymphdrainage beseitigt Lymphstauungen und f\u00f6rdert den Lymphfluss. Wir wenden Lymphdrainage an zur Entschauung, Abschwellung und Anderem.","og_url":"https:\/\/physiobiberen-rizenbach.ch\/fr\/physiotherapie\/lymphdrainage\/","og_site_name":"Physio Biberen - Rizenbach","article_modified_time":"2025-01-14T09:28:50+00:00","twitter_card":"summary_large_image","twitter_misc":{"Dur\u00e9e de lecture estim\u00e9e":"1 minute"},"schema":{"@context":"https:\/\/schema.org","@graph":[{"@type":"WebPage","@id":"https:\/\/physiobiberen-rizenbach.ch\/physiotherapie\/lymphdrainage\/","url":"https:\/\/physiobiberen-rizenbach.ch\/physiotherapie\/lymphdrainage\/","name":"Physiotherapie | Lymphdrainage","isPartOf":{"@id":"https:\/\/physiobiberen-rizenbach.ch\/#website"},"datePublished":"2024-12-17T15:51:08+00:00","dateModified":"2025-01-14T09:28:50+00:00","description":"Lymphdrainage beseitigt Lymphstauungen und f\u00f6rdert den Lymphfluss. Wir wenden Lymphdrainage an zur Entschauung, Abschwellung und Anderem.","breadcrumb":{"@id":"https:\/\/physiobiberen-rizenbach.ch\/physiotherapie\/lymphdrainage\/#breadcrumb"},"inLanguage":"fr-FR","potentialAction":[{"@type":"ReadAction","target":["https:\/\/physiobiberen-rizenbach.ch\/physiotherapie\/lymphdrainage\/"]}]},{"@type":"BreadcrumbList","@id":"https:\/\/physiobiberen-rizenbach.ch\/physiotherapie\/lymphdrainage\/#breadcrumb","itemListElement":[{"@type":"ListItem","position":1,"name":"Home","item":"https:\/\/physiobiberen-rizenbach.ch\/"},{"@type":"ListItem","position":2,"name":"Physiotherapie","item":"https:\/\/physiobiberen-rizenbach.ch\/physiotherapie\/"},{"@type":"ListItem","position":3,"name":"Lymphdrainage"}]},{"@type":"WebSite","@id":"https:\/\/physiobiberen-rizenbach.ch\/#website","url":"https:\/\/physiobiberen-rizenbach.ch\/","name":"Physio Biberen Rizenbach","description":"Physio Biberen - Rizenbach","publisher":{"@id":"https:\/\/physiobiberen-rizenbach.ch\/#organization"},"potentialAction":[{"@type":"SearchAction","target":{"@type":"EntryPoint","urlTemplate":"https:\/\/physiobiberen-rizenbach.ch\/?s={search_term_string}"},"query-input":{"@type":"PropertyValueSpecification","valueRequired":true,"valueName":"search_term_string"}}],"inLanguage":"fr-FR"},{"@type":"Organization","@id":"https:\/\/physiobiberen-rizenbach.ch\/#organization","name":"Physio Biberen - Rizenbach","url":"https:\/\/physiobiberen-rizenbach.ch\/","logo":{"@type":"ImageObject","inLanguage":"fr-FR","@id":"https:\/\/physiobiberen-rizenbach.ch\/#\/schema\/logo\/image\/","url":"https:\/\/i2.wp.com\/physiobiberen-rizenbach.ch\/wp-content\/uploads\/2019\/10\/logo_transparent.png?fit=2127%2C558&ssl=1","contentUrl":"https:\/\/i2.wp.com\/physiobiberen-rizenbach.ch\/wp-content\/uploads\/2019\/10\/logo_transparent.png?fit=2127%2C558&ssl=1","width":2127,"height":558,"caption":"Physio Biberen - Rizenbach"},"image":{"@id":"https:\/\/physiobiberen-rizenbach.ch\/#\/schema\/logo\/image\/"}}]}},"jetpack_sharing_enabled":true,"_links":{"self":[{"href":"https:\/\/physiobiberen-rizenbach.ch\/fr\/wp-json\/wp\/v2\/pages\/2035","targetHints":{"allow":["GET"]}}],"collection":[{"href":"https:\/\/physiobiberen-rizenbach.ch\/fr\/wp-json\/wp\/v2\/pages"}],"about":[{"href":"https:\/\/physiobiberen-rizenbach.ch\/fr\/wp-json\/wp\/v2\/types\/page"}],"author":[{"embeddable":true,"href":"https:\/\/physiobiberen-rizenbach.ch\/fr\/wp-json\/wp\/v2\/users\/4"}],"replies":[{"embeddable":true,"href":"https:\/\/physiobiberen-rizenbach.ch\/fr\/wp-json\/wp\/v2\/comments?post=2035"}],"version-history":[{"count":7,"href":"https:\/\/physiobiberen-rizenbach.ch\/fr\/wp-json\/wp\/v2\/pages\/2035\/revisions"}],"predecessor-version":[{"id":2044,"href":"https:\/\/physiobiberen-rizenbach.ch\/fr\/wp-json\/wp\/v2\/pages\/2035\/revisions\/2044"}],"up":[{"embeddable":true,"href":"https:\/\/physiobiberen-rizenbach.ch\/fr\/wp-json\/wp\/v2\/pages\/474"}],"wp:attachment":[{"href":"https:\/\/physiobiberen-rizenbach.ch\/fr\/wp-json\/wp\/v2\/media?parent=2035"}],"curies":[{"name":"wp","href":"https:\/\/api.w.org\/{rel}","templated":true}]}}