{"id":273,"date":"2019-01-21T06:13:59","date_gmt":"2019-01-21T06:13:59","guid":{"rendered":"https:\/\/websitedemos.net\/outdoor-adventure-02\/?page_id=273"},"modified":"2020-01-16T21:52:01","modified_gmt":"2020-01-16T21:52:01","slug":"hasensprung","status":"publish","type":"page","link":"https:\/\/physiobiberen-rizenbach.ch\/fr\/hasensprung\/","title":{"rendered":"Hasensprung"},"content":{"rendered":"<div data-elementor-type=\"wp-page\" data-elementor-id=\"273\" class=\"elementor elementor-273\">\n\t\t\t\t\t\t<section class=\"elementor-section elementor-top-section elementor-element elementor-element-a099a38 elementor-section-boxed elementor-section-height-default elementor-section-height-default\" data-id=\"a099a38\" data-element_type=\"section\" data-settings=\"{&quot;background_background&quot;:&quot;classic&quot;}\">\n\t\t\t\t\t\t\t<div class=\"elementor-background-overlay\"><\/div>\n\t\t\t\t\t\t\t<div class=\"elementor-container elementor-column-gap-default\">\n\t\t\t\t\t<div class=\"elementor-column elementor-col-33 elementor-top-column elementor-element elementor-element-26ae4e3\" data-id=\"26ae4e3\" data-element_type=\"column\">\n\t\t\t<div class=\"elementor-widget-wrap\">\n\t\t\t\t\t\t\t<\/div>\n\t\t<\/div>\n\t\t\t\t<div class=\"elementor-column elementor-col-33 elementor-top-column elementor-element elementor-element-ad52c65\" data-id=\"ad52c65\" data-element_type=\"column\">\n\t\t\t<div class=\"elementor-widget-wrap elementor-element-populated\">\n\t\t\t\t\t\t<div class=\"elementor-element elementor-element-32f47f7 elementor-widget elementor-widget-heading\" data-id=\"32f47f7\" data-element_type=\"widget\" data-widget_type=\"heading.default\">\n\t\t\t\t<div class=\"elementor-widget-container\">\n\t\t\t\t\t<h1 class=\"elementor-heading-title elementor-size-default\">HASENSPRUNG<\/h1>\t\t\t\t<\/div>\n\t\t\t\t<\/div>\n\t\t\t\t\t<\/div>\n\t\t<\/div>\n\t\t\t\t<div class=\"elementor-column elementor-col-33 elementor-top-column elementor-element elementor-element-6a5e1de\" data-id=\"6a5e1de\" data-element_type=\"column\">\n\t\t\t<div class=\"elementor-widget-wrap\">\n\t\t\t\t\t\t\t<\/div>\n\t\t<\/div>\n\t\t\t\t\t<\/div>\n\t\t<\/section>\n\t\t\t\t<section class=\"elementor-section elementor-top-section elementor-element elementor-element-756d523 elementor-section-boxed elementor-section-height-default elementor-section-height-default\" data-id=\"756d523\" data-element_type=\"section\">\n\t\t\t\t\t\t<div class=\"elementor-container elementor-column-gap-default\">\n\t\t\t\t\t<div class=\"elementor-column elementor-col-50 elementor-top-column elementor-element elementor-element-ec63eb1\" data-id=\"ec63eb1\" data-element_type=\"column\">\n\t\t\t<div class=\"elementor-widget-wrap elementor-element-populated\">\n\t\t\t\t\t\t<div class=\"elementor-element elementor-element-94182a1 elementor-widget elementor-widget-heading\" data-id=\"94182a1\" data-element_type=\"widget\" data-widget_type=\"heading.default\">\n\t\t\t\t<div class=\"elementor-widget-container\">\n\t\t\t\t\t<h2 class=\"elementor-heading-title elementor-size-default\">Hasensprung<\/h2>\t\t\t\t<\/div>\n\t\t\t\t<\/div>\n\t\t\t\t<div class=\"elementor-element elementor-element-1db236c elementor-widget-divider--view-line elementor-widget elementor-widget-divider\" data-id=\"1db236c\" data-element_type=\"widget\" data-widget_type=\"divider.default\">\n\t\t\t\t<div class=\"elementor-widget-container\">\n\t\t\t\t\t\t\t<div class=\"elementor-divider\">\n\t\t\t<span class=\"elementor-divider-separator\">\n\t\t\t\t\t\t<\/span>\n\t\t<\/div>\n\t\t\t\t\t\t<\/div>\n\t\t\t\t<\/div>\n\t\t\t\t<div class=\"elementor-element elementor-element-b4daca7 elementor-widget elementor-widget-text-editor\" data-id=\"b4daca7\" data-element_type=\"widget\" data-widget_type=\"text-editor.default\">\n\t\t\t\t<div class=\"elementor-widget-container\">\n\t\t\t\t\t\t\t\t\t<p>Tees, Gew\u00fcrzmischungen und mehr<\/p>\t\t\t\t\t\t\t\t<\/div>\n\t\t\t\t<\/div>\n\t\t\t\t<div class=\"elementor-element elementor-element-cdae22c elementor-widget elementor-widget-text-editor\" data-id=\"cdae22c\" data-element_type=\"widget\" data-widget_type=\"text-editor.default\">\n\t\t\t\t<div class=\"elementor-widget-container\">\n\t\t\t\t\t\t\t\t\t<p>Wir beziehen unsere Tee`s und Teemischungen, Gew\u00fcrzmischungen und K\u00fcchenkr\u00e4uter von einem Kr\u00e4uterbauer vom HASENSPRUNG aus dem Emmental, den wir pers\u00f6nlich kennen. Die darin enthaltenen Heilkr\u00e4uter werden vorwiegend im Emmental angebaut.<\/p>\n<p>Schweizer BIO-Bergkr\u00e4uter werden nach den eigenen, hohen Qualit\u00e4tsanforderungen der \u00abVereinigung f\u00fcr biologischen Kr\u00e4uteranbau im Schweizer Berggebiet VBKB\u00bb angebaut. Das Signet dieser Vereinigung ist die stilisierte Johanniskrautbl\u00fcte im Berg. Dieses garantiert, dass Schweizer Bio-Bergkr\u00e4uter auch wirklich Schweizer Bio-Bergkr\u00e4uter sind.<\/p>\t\t\t\t\t\t\t\t<\/div>\n\t\t\t\t<\/div>\n\t\t\t\t\t<\/div>\n\t\t<\/div>\n\t\t\t\t<div class=\"elementor-column elementor-col-50 elementor-top-column elementor-element elementor-element-492f066 elementor-hidden-phone\" data-id=\"492f066\" data-element_type=\"column\">\n\t\t\t<div class=\"elementor-widget-wrap elementor-element-populated\">\n\t\t\t\t\t\t<div class=\"elementor-element elementor-element-ba89207 elementor-widget elementor-widget-image\" data-id=\"ba89207\" data-element_type=\"widget\" data-widget_type=\"image.default\">\n\t\t\t\t<div class=\"elementor-widget-container\">\n\t\t\t\t\t\t\t\t\t\t\t\t\t\t\t<img fetchpriority=\"high\" decoding=\"async\" width=\"300\" height=\"296\" src=\"https:\/\/i0.wp.com\/physiobiberen-rizenbach.ch\/wp-content\/uploads\/2019\/09\/bags.jpg?fit=300%2C296&amp;ssl=1\" class=\"attachment-medium size-medium wp-image-361\" alt=\"\" srcset=\"https:\/\/i0.wp.com\/physiobiberen-rizenbach.ch\/wp-content\/uploads\/2019\/09\/bags.jpg?w=542&amp;ssl=1 542w, https:\/\/i0.wp.com\/physiobiberen-rizenbach.ch\/wp-content\/uploads\/2019\/09\/bags.jpg?resize=300%2C296&amp;ssl=1 300w\" sizes=\"(max-width: 300px) 100vw, 300px\" \/>\t\t\t\t\t\t\t\t\t\t\t\t\t\t\t<\/div>\n\t\t\t\t<\/div>\n\t\t\t\t\t<\/div>\n\t\t<\/div>\n\t\t\t\t\t<\/div>\n\t\t<\/section>\n\t\t\t\t<\/div>","protected":false},"excerpt":{"rendered":"<p>HASENSPRUNG Hasensprung Tees, Gew\u00fcrzmischungen und mehr Wir beziehen unsere Tee`s und Teemischungen, Gew\u00fcrzmischungen und K\u00fcchenkr\u00e4uter von einem Kr\u00e4uterbauer vom HASENSPRUNG aus dem Emmental, den wir pers\u00f6nlich kennen. Die darin enthaltenen Heilkr\u00e4uter werden vorwiegend im Emmental angebaut. Schweizer BIO-Bergkr\u00e4uter werden nach den eigenen, hohen Qualit\u00e4tsanforderungen der \u00abVereinigung f\u00fcr biologischen Kr\u00e4uteranbau im Schweizer Berggebiet VBKB\u00bb angebaut. Das [&hellip;]<\/p>","protected":false},"author":1,"featured_media":0,"parent":0,"menu_order":0,"comment_status":"closed","ping_status":"closed","template":"","meta":{"site-sidebar-layout":"no-sidebar","site-content-layout":"page-builder","ast-site-content-layout":"","site-content-style":"default","site-sidebar-style":"default","ast-global-header-display":"","ast-banner-title-visibility":"","ast-main-header-display":"","ast-hfb-above-header-display":"","ast-hfb-below-header-display":"","ast-hfb-mobile-header-display":"","site-post-title":"disabled","ast-breadcrumbs-content":"","ast-featured-img":"disabled","footer-sml-layout":"","theme-transparent-header-meta":"enabled","adv-header-id-meta":"","stick-header-meta":"","header-above-stick-meta":"","header-main-stick-meta":"","header-below-stick-meta":"","astra-migrate-meta-layouts":"default","ast-page-background-enabled":"default","ast-page-background-meta":{"desktop":{"background-color":"","background-image":"","background-repeat":"repeat","background-position":"center center","background-size":"auto","background-attachment":"scroll","background-type":"","background-media":"","overlay-type":"","overlay-color":"","overlay-opacity":"","overlay-gradient":""},"tablet":{"background-color":"","background-image":"","background-repeat":"repeat","background-position":"center center","background-size":"auto","background-attachment":"scroll","background-type":"","background-media":"","overlay-type":"","overlay-color":"","overlay-opacity":"","overlay-gradient":""},"mobile":{"background-color":"","background-image":"","background-repeat":"repeat","background-position":"center center","background-size":"auto","background-attachment":"scroll","background-type":"","background-media":"","overlay-type":"","overlay-color":"","overlay-opacity":"","overlay-gradient":""}},"ast-content-background-meta":{"desktop":{"background-color":"var(--ast-global-color-5)","background-image":"","background-repeat":"repeat","background-position":"center center","background-size":"auto","background-attachment":"scroll","background-type":"","background-media":"","overlay-type":"","overlay-color":"","overlay-opacity":"","overlay-gradient":""},"tablet":{"background-color":"var(--ast-global-color-5)","background-image":"","background-repeat":"repeat","background-position":"center center","background-size":"auto","background-attachment":"scroll","background-type":"","background-media":"","overlay-type":"","overlay-color":"","overlay-opacity":"","overlay-gradient":""},"mobile":{"background-color":"var(--ast-global-color-5)","background-image":"","background-repeat":"repeat","background-position":"center center","background-size":"auto","background-attachment":"scroll","background-type":"","background-media":"","overlay-type":"","overlay-color":"","overlay-opacity":"","overlay-gradient":""}},"_glsr_average":0,"_glsr_ranking":0,"_glsr_reviews":0,"footnotes":""},"class_list":["post-273","page","type-page","status-publish","hentry"],"yoast_head":"<!-- This site is optimized with the Yoast SEO plugin v26.8 - https:\/\/yoast.com\/product\/yoast-seo-wordpress\/ -->\n<title>Hasensprung - Physio Biberen - Rizenbach<\/title>\n<meta name=\"description\" content=\"Tee- und Gew\u00fcrzmischungen, K\u00fcchen- und Heilkr\u00e4uter. Garantierte Qualit\u00e4t durch die Vereinigung f\u00fcr biologischen Kr\u00e4uteranbau im Schweizer Berggebiet VBKB.\" \/>\n<meta name=\"robots\" content=\"index, follow, max-snippet:-1, max-image-preview:large, max-video-preview:-1\" \/>\n<link rel=\"canonical\" href=\"https:\/\/physiobiberen-rizenbach.ch\/fr\/hasensprung\/\" \/>\n<meta property=\"og:locale\" content=\"fr_FR\" \/>\n<meta property=\"og:type\" content=\"article\" \/>\n<meta property=\"og:title\" content=\"Hasensprung - Physio Biberen - Rizenbach\" \/>\n<meta property=\"og:description\" content=\"Tee- und Gew\u00fcrzmischungen, K\u00fcchen- und Heilkr\u00e4uter. Garantierte Qualit\u00e4t durch die Vereinigung f\u00fcr biologischen Kr\u00e4uteranbau im Schweizer Berggebiet VBKB.\" \/>\n<meta property=\"og:url\" content=\"https:\/\/physiobiberen-rizenbach.ch\/fr\/hasensprung\/\" \/>\n<meta property=\"og:site_name\" content=\"Physio Biberen - Rizenbach\" \/>\n<meta property=\"article:modified_time\" content=\"2020-01-16T21:52:01+00:00\" \/>\n<meta property=\"og:image\" content=\"https:\/\/physiobiberen-rizenbach.ch\/webseite\/wp-content\/uploads\/2019\/09\/bags-300x296.jpg\" \/>\n<meta name=\"twitter:card\" content=\"summary_large_image\" \/>\n<script type=\"application\/ld+json\" class=\"yoast-schema-graph\">{\"@context\":\"https:\/\/schema.org\",\"@graph\":[{\"@type\":\"WebPage\",\"@id\":\"https:\/\/physiobiberen-rizenbach.ch\/hasensprung\/\",\"url\":\"https:\/\/physiobiberen-rizenbach.ch\/hasensprung\/\",\"name\":\"Hasensprung - Physio Biberen - Rizenbach\",\"isPartOf\":{\"@id\":\"https:\/\/physiobiberen-rizenbach.ch\/#website\"},\"primaryImageOfPage\":{\"@id\":\"https:\/\/physiobiberen-rizenbach.ch\/hasensprung\/#primaryimage\"},\"image\":{\"@id\":\"https:\/\/physiobiberen-rizenbach.ch\/hasensprung\/#primaryimage\"},\"thumbnailUrl\":\"https:\/\/physiobiberen-rizenbach.ch\/webseite\/wp-content\/uploads\/2019\/09\/bags-300x296.jpg\",\"datePublished\":\"2019-01-21T06:13:59+00:00\",\"dateModified\":\"2020-01-16T21:52:01+00:00\",\"description\":\"Tee- und Gew\u00fcrzmischungen, K\u00fcchen- und Heilkr\u00e4uter. Garantierte Qualit\u00e4t durch die Vereinigung f\u00fcr biologischen Kr\u00e4uteranbau im Schweizer Berggebiet VBKB.\",\"breadcrumb\":{\"@id\":\"https:\/\/physiobiberen-rizenbach.ch\/hasensprung\/#breadcrumb\"},\"inLanguage\":\"fr-FR\",\"potentialAction\":[{\"@type\":\"ReadAction\",\"target\":[\"https:\/\/physiobiberen-rizenbach.ch\/hasensprung\/\"]}]},{\"@type\":\"ImageObject\",\"inLanguage\":\"fr-FR\",\"@id\":\"https:\/\/physiobiberen-rizenbach.ch\/hasensprung\/#primaryimage\",\"url\":\"https:\/\/physiobiberen-rizenbach.ch\/webseite\/wp-content\/uploads\/2019\/09\/bags-300x296.jpg\",\"contentUrl\":\"https:\/\/physiobiberen-rizenbach.ch\/webseite\/wp-content\/uploads\/2019\/09\/bags-300x296.jpg\"},{\"@type\":\"BreadcrumbList\",\"@id\":\"https:\/\/physiobiberen-rizenbach.ch\/hasensprung\/#breadcrumb\",\"itemListElement\":[{\"@type\":\"ListItem\",\"position\":1,\"name\":\"Home\",\"item\":\"https:\/\/physiobiberen-rizenbach.ch\/\"},{\"@type\":\"ListItem\",\"position\":2,\"name\":\"Hasensprung\"}]},{\"@type\":\"WebSite\",\"@id\":\"https:\/\/physiobiberen-rizenbach.ch\/#website\",\"url\":\"https:\/\/physiobiberen-rizenbach.ch\/\",\"name\":\"Physio Biberen Rizenbach\",\"description\":\"Physio Biberen - Rizenbach\",\"publisher\":{\"@id\":\"https:\/\/physiobiberen-rizenbach.ch\/#organization\"},\"potentialAction\":[{\"@type\":\"SearchAction\",\"target\":{\"@type\":\"EntryPoint\",\"urlTemplate\":\"https:\/\/physiobiberen-rizenbach.ch\/?s={search_term_string}\"},\"query-input\":{\"@type\":\"PropertyValueSpecification\",\"valueRequired\":true,\"valueName\":\"search_term_string\"}}],\"inLanguage\":\"fr-FR\"},{\"@type\":\"Organization\",\"@id\":\"https:\/\/physiobiberen-rizenbach.ch\/#organization\",\"name\":\"Physio Biberen - Rizenbach\",\"url\":\"https:\/\/physiobiberen-rizenbach.ch\/\",\"logo\":{\"@type\":\"ImageObject\",\"inLanguage\":\"fr-FR\",\"@id\":\"https:\/\/physiobiberen-rizenbach.ch\/#\/schema\/logo\/image\/\",\"url\":\"https:\/\/i2.wp.com\/physiobiberen-rizenbach.ch\/wp-content\/uploads\/2019\/10\/logo_transparent.png?fit=2127%2C558&ssl=1\",\"contentUrl\":\"https:\/\/i2.wp.com\/physiobiberen-rizenbach.ch\/wp-content\/uploads\/2019\/10\/logo_transparent.png?fit=2127%2C558&ssl=1\",\"width\":2127,\"height\":558,\"caption\":\"Physio Biberen - Rizenbach\"},\"image\":{\"@id\":\"https:\/\/physiobiberen-rizenbach.ch\/#\/schema\/logo\/image\/\"}}]}<\/script>\n<!-- \/ Yoast SEO plugin. -->","yoast_head_json":{"title":"Hasensprung - Physio Biberen - Rizenbach","description":"Tee- und Gew\u00fcrzmischungen, K\u00fcchen- und Heilkr\u00e4uter. Garantierte Qualit\u00e4t durch die Vereinigung f\u00fcr biologischen Kr\u00e4uteranbau im Schweizer Berggebiet VBKB.","robots":{"index":"index","follow":"follow","max-snippet":"max-snippet:-1","max-image-preview":"max-image-preview:large","max-video-preview":"max-video-preview:-1"},"canonical":"https:\/\/physiobiberen-rizenbach.ch\/fr\/hasensprung\/","og_locale":"fr_FR","og_type":"article","og_title":"Hasensprung - Physio Biberen - Rizenbach","og_description":"Tee- und Gew\u00fcrzmischungen, K\u00fcchen- und Heilkr\u00e4uter. Garantierte Qualit\u00e4t durch die Vereinigung f\u00fcr biologischen Kr\u00e4uteranbau im Schweizer Berggebiet VBKB.","og_url":"https:\/\/physiobiberen-rizenbach.ch\/fr\/hasensprung\/","og_site_name":"Physio Biberen - Rizenbach","article_modified_time":"2020-01-16T21:52:01+00:00","og_image":[{"url":"https:\/\/physiobiberen-rizenbach.ch\/webseite\/wp-content\/uploads\/2019\/09\/bags-300x296.jpg","type":"","width":"","height":""}],"twitter_card":"summary_large_image","schema":{"@context":"https:\/\/schema.org","@graph":[{"@type":"WebPage","@id":"https:\/\/physiobiberen-rizenbach.ch\/hasensprung\/","url":"https:\/\/physiobiberen-rizenbach.ch\/hasensprung\/","name":"Hasensprung - Physio Biberen - Rizenbach","isPartOf":{"@id":"https:\/\/physiobiberen-rizenbach.ch\/#website"},"primaryImageOfPage":{"@id":"https:\/\/physiobiberen-rizenbach.ch\/hasensprung\/#primaryimage"},"image":{"@id":"https:\/\/physiobiberen-rizenbach.ch\/hasensprung\/#primaryimage"},"thumbnailUrl":"https:\/\/physiobiberen-rizenbach.ch\/webseite\/wp-content\/uploads\/2019\/09\/bags-300x296.jpg","datePublished":"2019-01-21T06:13:59+00:00","dateModified":"2020-01-16T21:52:01+00:00","description":"Tee- und Gew\u00fcrzmischungen, K\u00fcchen- und Heilkr\u00e4uter. Garantierte Qualit\u00e4t durch die Vereinigung f\u00fcr biologischen Kr\u00e4uteranbau im Schweizer Berggebiet VBKB.","breadcrumb":{"@id":"https:\/\/physiobiberen-rizenbach.ch\/hasensprung\/#breadcrumb"},"inLanguage":"fr-FR","potentialAction":[{"@type":"ReadAction","target":["https:\/\/physiobiberen-rizenbach.ch\/hasensprung\/"]}]},{"@type":"ImageObject","inLanguage":"fr-FR","@id":"https:\/\/physiobiberen-rizenbach.ch\/hasensprung\/#primaryimage","url":"https:\/\/physiobiberen-rizenbach.ch\/webseite\/wp-content\/uploads\/2019\/09\/bags-300x296.jpg","contentUrl":"https:\/\/physiobiberen-rizenbach.ch\/webseite\/wp-content\/uploads\/2019\/09\/bags-300x296.jpg"},{"@type":"BreadcrumbList","@id":"https:\/\/physiobiberen-rizenbach.ch\/hasensprung\/#breadcrumb","itemListElement":[{"@type":"ListItem","position":1,"name":"Home","item":"https:\/\/physiobiberen-rizenbach.ch\/"},{"@type":"ListItem","position":2,"name":"Hasensprung"}]},{"@type":"WebSite","@id":"https:\/\/physiobiberen-rizenbach.ch\/#website","url":"https:\/\/physiobiberen-rizenbach.ch\/","name":"Physio Biberen Rizenbach","description":"Physio Biberen - Rizenbach","publisher":{"@id":"https:\/\/physiobiberen-rizenbach.ch\/#organization"},"potentialAction":[{"@type":"SearchAction","target":{"@type":"EntryPoint","urlTemplate":"https:\/\/physiobiberen-rizenbach.ch\/?s={search_term_string}"},"query-input":{"@type":"PropertyValueSpecification","valueRequired":true,"valueName":"search_term_string"}}],"inLanguage":"fr-FR"},{"@type":"Organization","@id":"https:\/\/physiobiberen-rizenbach.ch\/#organization","name":"Physio Biberen - Rizenbach","url":"https:\/\/physiobiberen-rizenbach.ch\/","logo":{"@type":"ImageObject","inLanguage":"fr-FR","@id":"https:\/\/physiobiberen-rizenbach.ch\/#\/schema\/logo\/image\/","url":"https:\/\/i2.wp.com\/physiobiberen-rizenbach.ch\/wp-content\/uploads\/2019\/10\/logo_transparent.png?fit=2127%2C558&ssl=1","contentUrl":"https:\/\/i2.wp.com\/physiobiberen-rizenbach.ch\/wp-content\/uploads\/2019\/10\/logo_transparent.png?fit=2127%2C558&ssl=1","width":2127,"height":558,"caption":"Physio Biberen - Rizenbach"},"image":{"@id":"https:\/\/physiobiberen-rizenbach.ch\/#\/schema\/logo\/image\/"}}]}},"jetpack_sharing_enabled":true,"_links":{"self":[{"href":"https:\/\/physiobiberen-rizenbach.ch\/fr\/wp-json\/wp\/v2\/pages\/273","targetHints":{"allow":["GET"]}}],"collection":[{"href":"https:\/\/physiobiberen-rizenbach.ch\/fr\/wp-json\/wp\/v2\/pages"}],"about":[{"href":"https:\/\/physiobiberen-rizenbach.ch\/fr\/wp-json\/wp\/v2\/types\/page"}],"author":[{"embeddable":true,"href":"https:\/\/physiobiberen-rizenbach.ch\/fr\/wp-json\/wp\/v2\/users\/1"}],"replies":[{"embeddable":true,"href":"https:\/\/physiobiberen-rizenbach.ch\/fr\/wp-json\/wp\/v2\/comments?post=273"}],"version-history":[{"count":8,"href":"https:\/\/physiobiberen-rizenbach.ch\/fr\/wp-json\/wp\/v2\/pages\/273\/revisions"}],"predecessor-version":[{"id":1128,"href":"https:\/\/physiobiberen-rizenbach.ch\/fr\/wp-json\/wp\/v2\/pages\/273\/revisions\/1128"}],"wp:attachment":[{"href":"https:\/\/physiobiberen-rizenbach.ch\/fr\/wp-json\/wp\/v2\/media?parent=273"}],"curies":[{"name":"wp","href":"https:\/\/api.w.org\/{rel}","templated":true}]}}