{"id":288,"date":"2018-11-27T09:17:28","date_gmt":"2018-11-27T09:17:28","guid":{"rendered":"https:\/\/websitedemos.net\/discover-outdoors\/?page_id=6"},"modified":"2021-11-25T10:08:34","modified_gmt":"2021-11-25T10:08:34","slug":"naturprodukte","status":"publish","type":"page","link":"https:\/\/physiobiberen-rizenbach.ch\/fr\/naturprodukte\/","title":{"rendered":"Conseils &amp; Ventes"},"content":{"rendered":"<div data-elementor-type=\"wp-post\" data-elementor-id=\"288\" class=\"elementor elementor-288\">\n\t\t\t\t\t\t<section class=\"elementor-section elementor-top-section elementor-element elementor-element-33a79095 elementor-section-boxed elementor-section-height-default elementor-section-height-default\" data-id=\"33a79095\" data-element_type=\"section\" data-settings=\"{&quot;background_background&quot;:&quot;classic&quot;}\">\n\t\t\t\t\t\t\t<div class=\"elementor-background-overlay\"><\/div>\n\t\t\t\t\t\t\t<div class=\"elementor-container elementor-column-gap-default\">\n\t\t\t\t\t<div class=\"elementor-column elementor-col-33 elementor-top-column elementor-element elementor-element-b7194dc\" data-id=\"b7194dc\" data-element_type=\"column\">\n\t\t\t<div class=\"elementor-widget-wrap\">\n\t\t\t\t\t\t\t<\/div>\n\t\t<\/div>\n\t\t\t\t<div class=\"elementor-column elementor-col-33 elementor-top-column elementor-element elementor-element-3706530d\" data-id=\"3706530d\" data-element_type=\"column\">\n\t\t\t<div class=\"elementor-widget-wrap elementor-element-populated\">\n\t\t\t\t\t\t<div class=\"elementor-element elementor-element-c79b067 elementor-widget elementor-widget-heading\" data-id=\"c79b067\" data-element_type=\"widget\" data-widget_type=\"heading.default\">\n\t\t\t\t<div class=\"elementor-widget-container\">\n\t\t\t\t\t<h1 class=\"elementor-heading-title elementor-size-default\">Beratung &amp; Verkauf<\/h1>\t\t\t\t<\/div>\n\t\t\t\t<\/div>\n\t\t\t\t\t<\/div>\n\t\t<\/div>\n\t\t\t\t<div class=\"elementor-column elementor-col-33 elementor-top-column elementor-element elementor-element-4788e5dc\" data-id=\"4788e5dc\" data-element_type=\"column\">\n\t\t\t<div class=\"elementor-widget-wrap\">\n\t\t\t\t\t\t\t<\/div>\n\t\t<\/div>\n\t\t\t\t\t<\/div>\n\t\t<\/section>\n\t\t\t\t<section class=\"elementor-section elementor-top-section elementor-element elementor-element-2dbed9a elementor-section-boxed elementor-section-height-default elementor-section-height-default\" data-id=\"2dbed9a\" data-element_type=\"section\">\n\t\t\t\t\t\t<div class=\"elementor-container elementor-column-gap-default\">\n\t\t\t\t\t<div class=\"elementor-column elementor-col-33 elementor-top-column elementor-element elementor-element-c54645a\" data-id=\"c54645a\" data-element_type=\"column\">\n\t\t\t<div class=\"elementor-widget-wrap\">\n\t\t\t\t\t\t\t<\/div>\n\t\t<\/div>\n\t\t\t\t<div class=\"elementor-column elementor-col-33 elementor-top-column elementor-element elementor-element-1ca627b\" data-id=\"1ca627b\" data-element_type=\"column\">\n\t\t\t<div class=\"elementor-widget-wrap elementor-element-populated\">\n\t\t\t\t\t\t<div class=\"elementor-element elementor-element-42fd904 elementor-widget elementor-widget-heading\" data-id=\"42fd904\" data-element_type=\"widget\" data-widget_type=\"heading.default\">\n\t\t\t\t<div class=\"elementor-widget-container\">\n\t\t\t\t\t<h2 class=\"elementor-heading-title elementor-size-default\">Gesundheit und pr\u00e4vention bewegen uns<\/h2>\t\t\t\t<\/div>\n\t\t\t\t<\/div>\n\t\t\t\t<div class=\"elementor-element elementor-element-432499d elementor-widget-divider--view-line elementor-widget elementor-widget-divider\" data-id=\"432499d\" data-element_type=\"widget\" data-widget_type=\"divider.default\">\n\t\t\t\t<div class=\"elementor-widget-container\">\n\t\t\t\t\t\t\t<div class=\"elementor-divider\">\n\t\t\t<span class=\"elementor-divider-separator\">\n\t\t\t\t\t\t<\/span>\n\t\t<\/div>\n\t\t\t\t\t\t<\/div>\n\t\t\t\t<\/div>\n\t\t\t\t<div class=\"elementor-element elementor-element-217de42 elementor-widget elementor-widget-text-editor\" data-id=\"217de42\" data-element_type=\"widget\" data-widget_type=\"text-editor.default\">\n\t\t\t\t<div class=\"elementor-widget-container\">\n\t\t\t\t\t\t\t\t\t<p>Da uns Nachhaltigkeit, Liebe zur Natur und Qualit\u00e4t sehr wichtig sind, haben wir f\u00fcr Sie ein sorgf\u00e4ltig ausgew\u00e4hltes, \u00fcberschaubares und vielf\u00e4ltiges Sortiment an Natur- und Vitalprodukten zusammengestellt. Wir kennen unsere Lieferanten pers\u00f6nlich und sind davon \u00fcberzeugt, dass diese Produkte Ihnen und Ihrer Gesundheit helfen werden.<\/p><p>Wir von der Physio Biberen &#8211; Rizenbach geben Ihnen gerne unser Wissen weiter und beraten Sie in verschiedenen Themenbereichen. Suchen Sie Ihr Thema aus und melden Sie sich an.<\/p><p>Profitieren Sie noch heute von unserer <b>kostenlosen Beratung<\/b>. Melden Sie sich bei uns in Form von einem <b>Telefonat oder einer E-Mail<\/b>. Gerne machen wir dann einen Termin mit Ihnen f\u00fcr ein pers\u00f6nliches Beratungsgespr\u00e4ch aus.<\/p><p><b>Wir sind jederzeit f\u00fcr Sie da!<\/b><\/p><p>Unser Sortiment beziehen wir als Reseller von verschiedenen Firmen:<\/p><p>\u00a0<\/p>\t\t\t\t\t\t\t\t<\/div>\n\t\t\t\t<\/div>\n\t\t\t\t\t<\/div>\n\t\t<\/div>\n\t\t\t\t<div class=\"elementor-column elementor-col-33 elementor-top-column elementor-element elementor-element-92a5c23\" data-id=\"92a5c23\" data-element_type=\"column\">\n\t\t\t<div class=\"elementor-widget-wrap\">\n\t\t\t\t\t\t\t<\/div>\n\t\t<\/div>\n\t\t\t\t\t<\/div>\n\t\t<\/section>\n\t\t\t\t<section class=\"elementor-section elementor-inner-section elementor-element elementor-element-d6c60ea elementor-section-boxed elementor-section-height-default elementor-section-height-default\" data-id=\"d6c60ea\" data-element_type=\"section\">\n\t\t\t\t\t\t<div class=\"elementor-container elementor-column-gap-default\">\n\t\t\t\t\t<div class=\"elementor-column elementor-col-50 elementor-inner-column elementor-element elementor-element-f20a204\" data-id=\"f20a204\" data-element_type=\"column\">\n\t\t\t<div class=\"elementor-widget-wrap elementor-element-populated\">\n\t\t\t\t\t\t<div class=\"elementor-element elementor-element-bfd172b elementor-widget elementor-widget-image\" data-id=\"bfd172b\" data-element_type=\"widget\" data-widget_type=\"image.default\">\n\t\t\t\t<div class=\"elementor-widget-container\">\n\t\t\t\t\t\t\t\t\t\t\t\t\t\t\t\t<a href=\"https:\/\/physiobiberen-rizenbach.ch\/fr\/kingnature\/\">\n\t\t\t\t\t\t\t<img fetchpriority=\"high\" decoding=\"async\" width=\"768\" height=\"648\" src=\"https:\/\/i0.wp.com\/physiobiberen-rizenbach.ch\/wp-content\/uploads\/2020\/10\/Kingnature_klein.jpg.png?fit=768%2C648&amp;ssl=1\" class=\"elementor-animation-grow attachment-medium_large size-medium_large wp-image-912\" alt=\"Aronia-Beere, Aronia Vida, Kingnature\" srcset=\"https:\/\/i0.wp.com\/physiobiberen-rizenbach.ch\/wp-content\/uploads\/2020\/10\/Kingnature_klein.jpg.png?w=2443&amp;ssl=1 2443w, https:\/\/i0.wp.com\/physiobiberen-rizenbach.ch\/wp-content\/uploads\/2020\/10\/Kingnature_klein.jpg.png?resize=300%2C253&amp;ssl=1 300w, https:\/\/i0.wp.com\/physiobiberen-rizenbach.ch\/wp-content\/uploads\/2020\/10\/Kingnature_klein.jpg.png?resize=1024%2C864&amp;ssl=1 1024w, https:\/\/i0.wp.com\/physiobiberen-rizenbach.ch\/wp-content\/uploads\/2020\/10\/Kingnature_klein.jpg.png?resize=768%2C648&amp;ssl=1 768w, https:\/\/i0.wp.com\/physiobiberen-rizenbach.ch\/wp-content\/uploads\/2020\/10\/Kingnature_klein.jpg.png?resize=1536%2C1296&amp;ssl=1 1536w, https:\/\/i0.wp.com\/physiobiberen-rizenbach.ch\/wp-content\/uploads\/2020\/10\/Kingnature_klein.jpg.png?resize=2048%2C1729&amp;ssl=1 2048w\" sizes=\"(max-width: 768px) 100vw, 768px\" \/>\t\t\t\t\t\t\t\t<\/a>\n\t\t\t\t\t\t\t\t\t\t\t\t\t\t\t<\/div>\n\t\t\t\t<\/div>\n\t\t\t\t<div class=\"elementor-element elementor-element-d0c44fe elementor-widget elementor-widget-image-box\" data-id=\"d0c44fe\" data-element_type=\"widget\" data-widget_type=\"image-box.default\">\n\t\t\t\t<div class=\"elementor-widget-container\">\n\t\t\t\t\t<div class=\"elementor-image-box-wrapper\"><div class=\"elementor-image-box-content\"><h5 class=\"elementor-image-box-title\"><a href=\"https:\/\/physiobiberen-rizenbach.ch\/fr\/kingnature\/\">KingNature<\/a><\/h5><p class=\"elementor-image-box-description\">F\u00fcr Natur- und Vitalstoffprodukte.<\/p><\/div><\/div>\t\t\t\t<\/div>\n\t\t\t\t<\/div>\n\t\t\t\t\t<\/div>\n\t\t<\/div>\n\t\t\t\t<div class=\"elementor-column elementor-col-50 elementor-inner-column elementor-element elementor-element-bce40d9\" data-id=\"bce40d9\" data-element_type=\"column\">\n\t\t\t<div class=\"elementor-widget-wrap elementor-element-populated\">\n\t\t\t\t\t\t<div class=\"elementor-element elementor-element-cce00ea elementor-widget elementor-widget-image\" data-id=\"cce00ea\" data-element_type=\"widget\" data-widget_type=\"image.default\">\n\t\t\t\t<div class=\"elementor-widget-container\">\n\t\t\t\t\t\t\t\t\t\t\t\t\t\t\t\t<a href=\"https:\/\/physiobiberen-rizenbach.ch\/fr\/hasensprung\/\">\n\t\t\t\t\t\t\t<img decoding=\"async\" width=\"1008\" height=\"567\" src=\"https:\/\/i0.wp.com\/physiobiberen-rizenbach.ch\/wp-content\/uploads\/2019\/10\/hasensprung_sortiment.jpg?fit=1008%2C567&amp;ssl=1\" class=\"elementor-animation-grow attachment-large size-large wp-image-399\" alt=\"\" srcset=\"https:\/\/i0.wp.com\/physiobiberen-rizenbach.ch\/wp-content\/uploads\/2019\/10\/hasensprung_sortiment.jpg?w=1008&amp;ssl=1 1008w, https:\/\/i0.wp.com\/physiobiberen-rizenbach.ch\/wp-content\/uploads\/2019\/10\/hasensprung_sortiment.jpg?resize=300%2C169&amp;ssl=1 300w, https:\/\/i0.wp.com\/physiobiberen-rizenbach.ch\/wp-content\/uploads\/2019\/10\/hasensprung_sortiment.jpg?resize=768%2C432&amp;ssl=1 768w\" sizes=\"(max-width: 1008px) 100vw, 1008px\" \/>\t\t\t\t\t\t\t\t<\/a>\n\t\t\t\t\t\t\t\t\t\t\t\t\t\t\t<\/div>\n\t\t\t\t<\/div>\n\t\t\t\t<div class=\"elementor-element elementor-element-c17baf9 elementor-widget elementor-widget-image-box\" data-id=\"c17baf9\" data-element_type=\"widget\" data-widget_type=\"image-box.default\">\n\t\t\t\t<div class=\"elementor-widget-container\">\n\t\t\t\t\t<div class=\"elementor-image-box-wrapper\"><div class=\"elementor-image-box-content\"><h5 class=\"elementor-image-box-title\"><a href=\"https:\/\/physiobiberen-rizenbach.ch\/fr\/hasensprung\/\">Hasensprung<\/a><\/h5><p class=\"elementor-image-box-description\">F\u00fcr Tees, Gew\u00fcrzmischungen und K\u00fcchenkr\u00e4uter.<\/p><\/div><\/div>\t\t\t\t<\/div>\n\t\t\t\t<\/div>\n\t\t\t\t\t<\/div>\n\t\t<\/div>\n\t\t\t\t\t<\/div>\n\t\t<\/section>\n\t\t\t\t<section class=\"elementor-section elementor-top-section elementor-element elementor-element-5999602 elementor-section-boxed elementor-section-height-default elementor-section-height-default\" data-id=\"5999602\" data-element_type=\"section\" data-settings=\"{&quot;background_background&quot;:&quot;classic&quot;}\">\n\t\t\t\t\t\t<div class=\"elementor-container elementor-column-gap-default\">\n\t\t\t\t\t<div class=\"elementor-column elementor-col-100 elementor-top-column elementor-element elementor-element-991a6c0\" data-id=\"991a6c0\" data-element_type=\"column\">\n\t\t\t<div class=\"elementor-widget-wrap elementor-element-populated\">\n\t\t\t\t\t\t<div class=\"elementor-element elementor-element-a14414a elementor-widget-divider--view-line elementor-widget elementor-widget-divider\" data-id=\"a14414a\" data-element_type=\"widget\" data-widget_type=\"divider.default\">\n\t\t\t\t<div class=\"elementor-widget-container\">\n\t\t\t\t\t\t\t<div class=\"elementor-divider\">\n\t\t\t<span class=\"elementor-divider-separator\">\n\t\t\t\t\t\t<\/span>\n\t\t<\/div>\n\t\t\t\t\t\t<\/div>\n\t\t\t\t<\/div>\n\t\t\t\t<div class=\"elementor-element elementor-element-1eebcdd elementor-widget elementor-widget-text-editor\" data-id=\"1eebcdd\" data-element_type=\"widget\" data-widget_type=\"text-editor.default\">\n\t\t\t\t<div class=\"elementor-widget-container\">\n\t\t\t\t\t\t\t\t\t<p>Melden Sie sich bei uns f\u00fcr eine Beratung in Form von einem Telefonat oder einer E-Mail. Gerne machen wir dann einen Termin mit Ihnen f\u00fcr ein pers\u00f6nliches Beratungsgespr\u00e4ch aus.<\/p><p>Wir sind jederzeit f\u00fcr Sie da.<\/p>\t\t\t\t\t\t\t\t<\/div>\n\t\t\t\t<\/div>\n\t\t\t\t\t<\/div>\n\t\t<\/div>\n\t\t\t\t\t<\/div>\n\t\t<\/section>\n\t\t\t\t<\/div>","protected":false},"excerpt":{"rendered":"<p>Beratung &amp; Verkauf Gesundheit und pr\u00e4vention bewegen uns Da uns Nachhaltigkeit, Liebe zur Natur und Qualit\u00e4t sehr wichtig sind, haben wir f\u00fcr Sie ein sorgf\u00e4ltig ausgew\u00e4hltes, \u00fcberschaubares und vielf\u00e4ltiges Sortiment an Natur- und Vitalprodukten zusammengestellt. Wir kennen unsere Lieferanten pers\u00f6nlich und sind davon \u00fcberzeugt, dass diese Produkte Ihnen und Ihrer Gesundheit helfen werden. Wir von [&hellip;]<\/p>","protected":false},"author":1,"featured_media":0,"parent":0,"menu_order":0,"comment_status":"closed","ping_status":"closed","template":"","meta":{"site-sidebar-layout":"no-sidebar","site-content-layout":"page-builder","ast-site-content-layout":"","site-content-style":"default","site-sidebar-style":"default","ast-global-header-display":"","ast-banner-title-visibility":"","ast-main-header-display":"","ast-hfb-above-header-display":"","ast-hfb-below-header-display":"","ast-hfb-mobile-header-display":"","site-post-title":"disabled","ast-breadcrumbs-content":"","ast-featured-img":"disabled","footer-sml-layout":"","theme-transparent-header-meta":"enabled","adv-header-id-meta":"","stick-header-meta":"","header-above-stick-meta":"","header-main-stick-meta":"","header-below-stick-meta":"","astra-migrate-meta-layouts":"default","ast-page-background-enabled":"default","ast-page-background-meta":{"desktop":{"background-color":"","background-image":"","background-repeat":"repeat","background-position":"center center","background-size":"auto","background-attachment":"scroll","background-type":"","background-media":"","overlay-type":"","overlay-color":"","overlay-opacity":"","overlay-gradient":""},"tablet":{"background-color":"","background-image":"","background-repeat":"repeat","background-position":"center center","background-size":"auto","background-attachment":"scroll","background-type":"","background-media":"","overlay-type":"","overlay-color":"","overlay-opacity":"","overlay-gradient":""},"mobile":{"background-color":"","background-image":"","background-repeat":"repeat","background-position":"center center","background-size":"auto","background-attachment":"scroll","background-type":"","background-media":"","overlay-type":"","overlay-color":"","overlay-opacity":"","overlay-gradient":""}},"ast-content-background-meta":{"desktop":{"background-color":"var(--ast-global-color-5)","background-image":"","background-repeat":"repeat","background-position":"center center","background-size":"auto","background-attachment":"scroll","background-type":"","background-media":"","overlay-type":"","overlay-color":"","overlay-opacity":"","overlay-gradient":""},"tablet":{"background-color":"var(--ast-global-color-5)","background-image":"","background-repeat":"repeat","background-position":"center center","background-size":"auto","background-attachment":"scroll","background-type":"","background-media":"","overlay-type":"","overlay-color":"","overlay-opacity":"","overlay-gradient":""},"mobile":{"background-color":"var(--ast-global-color-5)","background-image":"","background-repeat":"repeat","background-position":"center center","background-size":"auto","background-attachment":"scroll","background-type":"","background-media":"","overlay-type":"","overlay-color":"","overlay-opacity":"","overlay-gradient":""}},"_glsr_average":0,"_glsr_ranking":0,"_glsr_reviews":0,"footnotes":""},"class_list":["post-288","page","type-page","status-publish","hentry"],"yoast_head":"<!-- This site is optimized with the Yoast SEO plugin v26.8 - https:\/\/yoast.com\/product\/yoast-seo-wordpress\/ -->\n<title>Beratung &amp; Verkauf - Physio Biberen - Rizenbach<\/title>\n<meta name=\"description\" content=\"Pr\u00e4vention und Gesundheit: Natur- und Vitalstoffprodukte. Tee- und Gew\u00fcrzmischungen, Heil- und K\u00fcchenkr\u00e4uter von BIO Bergbauern.\" \/>\n<meta name=\"robots\" content=\"index, follow, max-snippet:-1, max-image-preview:large, max-video-preview:-1\" \/>\n<link rel=\"canonical\" href=\"https:\/\/physiobiberen-rizenbach.ch\/fr\/naturprodukte\/\" \/>\n<meta property=\"og:locale\" content=\"fr_FR\" \/>\n<meta property=\"og:type\" content=\"article\" \/>\n<meta property=\"og:title\" content=\"Beratung &amp; Verkauf - Physio Biberen - Rizenbach\" \/>\n<meta property=\"og:description\" content=\"Pr\u00e4vention und Gesundheit: Natur- und Vitalstoffprodukte. Tee- und Gew\u00fcrzmischungen, Heil- und K\u00fcchenkr\u00e4uter von BIO Bergbauern.\" \/>\n<meta property=\"og:url\" content=\"https:\/\/physiobiberen-rizenbach.ch\/fr\/naturprodukte\/\" \/>\n<meta property=\"og:site_name\" content=\"Physio Biberen - Rizenbach\" \/>\n<meta property=\"article:modified_time\" content=\"2021-11-25T10:08:34+00:00\" \/>\n<meta property=\"og:image\" content=\"https:\/\/physiobiberen-rizenbach.ch\/wp-content\/uploads\/2020\/10\/Kingnature_klein.jpg-768x648.png\" \/>\n<meta name=\"twitter:card\" content=\"summary_large_image\" \/>\n<meta name=\"twitter:label1\" content=\"Dur\u00e9e de lecture estim\u00e9e\" \/>\n\t<meta name=\"twitter:data1\" content=\"2 minutes\" \/>\n<script type=\"application\/ld+json\" class=\"yoast-schema-graph\">{\"@context\":\"https:\/\/schema.org\",\"@graph\":[{\"@type\":\"WebPage\",\"@id\":\"https:\/\/physiobiberen-rizenbach.ch\/naturprodukte\/\",\"url\":\"https:\/\/physiobiberen-rizenbach.ch\/naturprodukte\/\",\"name\":\"Beratung & Verkauf - Physio Biberen - Rizenbach\",\"isPartOf\":{\"@id\":\"https:\/\/physiobiberen-rizenbach.ch\/#website\"},\"primaryImageOfPage\":{\"@id\":\"https:\/\/physiobiberen-rizenbach.ch\/naturprodukte\/#primaryimage\"},\"image\":{\"@id\":\"https:\/\/physiobiberen-rizenbach.ch\/naturprodukte\/#primaryimage\"},\"thumbnailUrl\":\"https:\/\/physiobiberen-rizenbach.ch\/wp-content\/uploads\/2020\/10\/Kingnature_klein.jpg-768x648.png\",\"datePublished\":\"2018-11-27T09:17:28+00:00\",\"dateModified\":\"2021-11-25T10:08:34+00:00\",\"description\":\"Pr\u00e4vention und Gesundheit: Natur- und Vitalstoffprodukte. Tee- und Gew\u00fcrzmischungen, Heil- und K\u00fcchenkr\u00e4uter von BIO Bergbauern.\",\"breadcrumb\":{\"@id\":\"https:\/\/physiobiberen-rizenbach.ch\/naturprodukte\/#breadcrumb\"},\"inLanguage\":\"fr-FR\",\"potentialAction\":[{\"@type\":\"ReadAction\",\"target\":[\"https:\/\/physiobiberen-rizenbach.ch\/naturprodukte\/\"]}]},{\"@type\":\"ImageObject\",\"inLanguage\":\"fr-FR\",\"@id\":\"https:\/\/physiobiberen-rizenbach.ch\/naturprodukte\/#primaryimage\",\"url\":\"https:\/\/physiobiberen-rizenbach.ch\/wp-content\/uploads\/2020\/10\/Kingnature_klein.jpg-768x648.png\",\"contentUrl\":\"https:\/\/physiobiberen-rizenbach.ch\/wp-content\/uploads\/2020\/10\/Kingnature_klein.jpg-768x648.png\"},{\"@type\":\"BreadcrumbList\",\"@id\":\"https:\/\/physiobiberen-rizenbach.ch\/naturprodukte\/#breadcrumb\",\"itemListElement\":[{\"@type\":\"ListItem\",\"position\":1,\"name\":\"Home\",\"item\":\"https:\/\/physiobiberen-rizenbach.ch\/\"},{\"@type\":\"ListItem\",\"position\":2,\"name\":\"Beratung &#038; Verkauf\"}]},{\"@type\":\"WebSite\",\"@id\":\"https:\/\/physiobiberen-rizenbach.ch\/#website\",\"url\":\"https:\/\/physiobiberen-rizenbach.ch\/\",\"name\":\"Physio Biberen Rizenbach\",\"description\":\"Physio Biberen - Rizenbach\",\"publisher\":{\"@id\":\"https:\/\/physiobiberen-rizenbach.ch\/#organization\"},\"potentialAction\":[{\"@type\":\"SearchAction\",\"target\":{\"@type\":\"EntryPoint\",\"urlTemplate\":\"https:\/\/physiobiberen-rizenbach.ch\/?s={search_term_string}\"},\"query-input\":{\"@type\":\"PropertyValueSpecification\",\"valueRequired\":true,\"valueName\":\"search_term_string\"}}],\"inLanguage\":\"fr-FR\"},{\"@type\":\"Organization\",\"@id\":\"https:\/\/physiobiberen-rizenbach.ch\/#organization\",\"name\":\"Physio Biberen - Rizenbach\",\"url\":\"https:\/\/physiobiberen-rizenbach.ch\/\",\"logo\":{\"@type\":\"ImageObject\",\"inLanguage\":\"fr-FR\",\"@id\":\"https:\/\/physiobiberen-rizenbach.ch\/#\/schema\/logo\/image\/\",\"url\":\"https:\/\/i2.wp.com\/physiobiberen-rizenbach.ch\/wp-content\/uploads\/2019\/10\/logo_transparent.png?fit=2127%2C558&ssl=1\",\"contentUrl\":\"https:\/\/i2.wp.com\/physiobiberen-rizenbach.ch\/wp-content\/uploads\/2019\/10\/logo_transparent.png?fit=2127%2C558&ssl=1\",\"width\":2127,\"height\":558,\"caption\":\"Physio Biberen - Rizenbach\"},\"image\":{\"@id\":\"https:\/\/physiobiberen-rizenbach.ch\/#\/schema\/logo\/image\/\"}}]}<\/script>\n<!-- \/ Yoast SEO plugin. -->","yoast_head_json":{"title":"Beratung & Verkauf - Physio Biberen - Rizenbach","description":"Pr\u00e4vention und Gesundheit: Natur- und Vitalstoffprodukte. Tee- und Gew\u00fcrzmischungen, Heil- und K\u00fcchenkr\u00e4uter von BIO Bergbauern.","robots":{"index":"index","follow":"follow","max-snippet":"max-snippet:-1","max-image-preview":"max-image-preview:large","max-video-preview":"max-video-preview:-1"},"canonical":"https:\/\/physiobiberen-rizenbach.ch\/fr\/naturprodukte\/","og_locale":"fr_FR","og_type":"article","og_title":"Beratung & Verkauf - Physio Biberen - Rizenbach","og_description":"Pr\u00e4vention und Gesundheit: Natur- und Vitalstoffprodukte. Tee- und Gew\u00fcrzmischungen, Heil- und K\u00fcchenkr\u00e4uter von BIO Bergbauern.","og_url":"https:\/\/physiobiberen-rizenbach.ch\/fr\/naturprodukte\/","og_site_name":"Physio Biberen - Rizenbach","article_modified_time":"2021-11-25T10:08:34+00:00","og_image":[{"url":"https:\/\/physiobiberen-rizenbach.ch\/wp-content\/uploads\/2020\/10\/Kingnature_klein.jpg-768x648.png","type":"","width":"","height":""}],"twitter_card":"summary_large_image","twitter_misc":{"Dur\u00e9e de lecture estim\u00e9e":"2 minutes"},"schema":{"@context":"https:\/\/schema.org","@graph":[{"@type":"WebPage","@id":"https:\/\/physiobiberen-rizenbach.ch\/naturprodukte\/","url":"https:\/\/physiobiberen-rizenbach.ch\/naturprodukte\/","name":"Beratung & Verkauf - Physio Biberen - Rizenbach","isPartOf":{"@id":"https:\/\/physiobiberen-rizenbach.ch\/#website"},"primaryImageOfPage":{"@id":"https:\/\/physiobiberen-rizenbach.ch\/naturprodukte\/#primaryimage"},"image":{"@id":"https:\/\/physiobiberen-rizenbach.ch\/naturprodukte\/#primaryimage"},"thumbnailUrl":"https:\/\/physiobiberen-rizenbach.ch\/wp-content\/uploads\/2020\/10\/Kingnature_klein.jpg-768x648.png","datePublished":"2018-11-27T09:17:28+00:00","dateModified":"2021-11-25T10:08:34+00:00","description":"Pr\u00e4vention und Gesundheit: Natur- und Vitalstoffprodukte. Tee- und Gew\u00fcrzmischungen, Heil- und K\u00fcchenkr\u00e4uter von BIO Bergbauern.","breadcrumb":{"@id":"https:\/\/physiobiberen-rizenbach.ch\/naturprodukte\/#breadcrumb"},"inLanguage":"fr-FR","potentialAction":[{"@type":"ReadAction","target":["https:\/\/physiobiberen-rizenbach.ch\/naturprodukte\/"]}]},{"@type":"ImageObject","inLanguage":"fr-FR","@id":"https:\/\/physiobiberen-rizenbach.ch\/naturprodukte\/#primaryimage","url":"https:\/\/physiobiberen-rizenbach.ch\/wp-content\/uploads\/2020\/10\/Kingnature_klein.jpg-768x648.png","contentUrl":"https:\/\/physiobiberen-rizenbach.ch\/wp-content\/uploads\/2020\/10\/Kingnature_klein.jpg-768x648.png"},{"@type":"BreadcrumbList","@id":"https:\/\/physiobiberen-rizenbach.ch\/naturprodukte\/#breadcrumb","itemListElement":[{"@type":"ListItem","position":1,"name":"Home","item":"https:\/\/physiobiberen-rizenbach.ch\/"},{"@type":"ListItem","position":2,"name":"Beratung &#038; Verkauf"}]},{"@type":"WebSite","@id":"https:\/\/physiobiberen-rizenbach.ch\/#website","url":"https:\/\/physiobiberen-rizenbach.ch\/","name":"Physio Biberen Rizenbach","description":"Physio Biberen - Rizenbach","publisher":{"@id":"https:\/\/physiobiberen-rizenbach.ch\/#organization"},"potentialAction":[{"@type":"SearchAction","target":{"@type":"EntryPoint","urlTemplate":"https:\/\/physiobiberen-rizenbach.ch\/?s={search_term_string}"},"query-input":{"@type":"PropertyValueSpecification","valueRequired":true,"valueName":"search_term_string"}}],"inLanguage":"fr-FR"},{"@type":"Organization","@id":"https:\/\/physiobiberen-rizenbach.ch\/#organization","name":"Physio Biberen - Rizenbach","url":"https:\/\/physiobiberen-rizenbach.ch\/","logo":{"@type":"ImageObject","inLanguage":"fr-FR","@id":"https:\/\/physiobiberen-rizenbach.ch\/#\/schema\/logo\/image\/","url":"https:\/\/i2.wp.com\/physiobiberen-rizenbach.ch\/wp-content\/uploads\/2019\/10\/logo_transparent.png?fit=2127%2C558&ssl=1","contentUrl":"https:\/\/i2.wp.com\/physiobiberen-rizenbach.ch\/wp-content\/uploads\/2019\/10\/logo_transparent.png?fit=2127%2C558&ssl=1","width":2127,"height":558,"caption":"Physio Biberen - Rizenbach"},"image":{"@id":"https:\/\/physiobiberen-rizenbach.ch\/#\/schema\/logo\/image\/"}}]}},"jetpack_sharing_enabled":true,"_links":{"self":[{"href":"https:\/\/physiobiberen-rizenbach.ch\/fr\/wp-json\/wp\/v2\/pages\/288","targetHints":{"allow":["GET"]}}],"collection":[{"href":"https:\/\/physiobiberen-rizenbach.ch\/fr\/wp-json\/wp\/v2\/pages"}],"about":[{"href":"https:\/\/physiobiberen-rizenbach.ch\/fr\/wp-json\/wp\/v2\/types\/page"}],"author":[{"embeddable":true,"href":"https:\/\/physiobiberen-rizenbach.ch\/fr\/wp-json\/wp\/v2\/users\/1"}],"replies":[{"embeddable":true,"href":"https:\/\/physiobiberen-rizenbach.ch\/fr\/wp-json\/wp\/v2\/comments?post=288"}],"version-history":[{"count":18,"href":"https:\/\/physiobiberen-rizenbach.ch\/fr\/wp-json\/wp\/v2\/pages\/288\/revisions"}],"predecessor-version":[{"id":1189,"href":"https:\/\/physiobiberen-rizenbach.ch\/fr\/wp-json\/wp\/v2\/pages\/288\/revisions\/1189"}],"wp:attachment":[{"href":"https:\/\/physiobiberen-rizenbach.ch\/fr\/wp-json\/wp\/v2\/media?parent=288"}],"curies":[{"name":"wp","href":"https:\/\/api.w.org\/{rel}","templated":true}]}}